{"id":434,"date":"2026-03-07T20:17:32","date_gmt":"2026-03-07T20:17:32","guid":{"rendered":"https:\/\/kursevikonverzacije.com\/blog\/?page_id=434"},"modified":"2026-03-17T14:47:56","modified_gmt":"2026-03-17T14:47:56","slug":"pocetna","status":"publish","type":"page","link":"https:\/\/kursevikonverzacije.com\/blog\/","title":{"rendered":"Po\u010detna"},"content":{"rendered":"\n<figure class=\"wp-block-gallery has-nested-images columns-default is-cropped wp-block-gallery-1 is-layout-flex wp-block-gallery-is-layout-flex\">\n<figure class=\"wp-block-image size-large\"><a href=\"https:\/\/kursevikonverzacije.com\/blog\/category\/posteri\/\"><img loading=\"lazy\" decoding=\"async\" width=\"1024\" height=\"517\" data-id=\"438\" src=\"https:\/\/kursevikonverzacije.com\/blog\/wp-content\/uploads\/2026\/03\/posteri-1024x517.png\" alt=\"\" class=\"wp-image-438\" srcset=\"https:\/\/kursevikonverzacije.com\/blog\/wp-content\/uploads\/2026\/03\/posteri-1024x517.png 1024w, https:\/\/kursevikonverzacije.com\/blog\/wp-content\/uploads\/2026\/03\/posteri-300x152.png 300w, https:\/\/kursevikonverzacije.com\/blog\/wp-content\/uploads\/2026\/03\/posteri-768x388.png 768w, https:\/\/kursevikonverzacije.com\/blog\/wp-content\/uploads\/2026\/03\/posteri.png 1384w\" sizes=\"auto, (max-width: 1024px) 100vw, 1024px\" \/><\/a><\/figure>\n\n\n\n<figure class=\"wp-block-image size-large\"><a href=\"https:\/\/kursevikonverzacije.com\/blog\/category\/gramatika\/\"><img loading=\"lazy\" decoding=\"async\" width=\"1024\" height=\"517\" data-id=\"354\" src=\"https:\/\/kursevikonverzacije.com\/blog\/wp-content\/uploads\/2026\/02\/gramatika-1-1024x517.png\" alt=\"gramatika engleskog jezika\" class=\"wp-image-354\" srcset=\"https:\/\/kursevikonverzacije.com\/blog\/wp-content\/uploads\/2026\/02\/gramatika-1-1024x517.png 1024w, https:\/\/kursevikonverzacije.com\/blog\/wp-content\/uploads\/2026\/02\/gramatika-1-300x152.png 300w, https:\/\/kursevikonverzacije.com\/blog\/wp-content\/uploads\/2026\/02\/gramatika-1-768x388.png 768w, https:\/\/kursevikonverzacije.com\/blog\/wp-content\/uploads\/2026\/02\/gramatika-1.png 1384w\" sizes=\"auto, (max-width: 1024px) 100vw, 1024px\" \/><\/a><\/figure>\n\n\n\n<figure class=\"wp-block-image size-large\"><a href=\"https:\/\/kursevikonverzacije.com\/blog\/frazalni-glagoli\/\"><img loading=\"lazy\" decoding=\"async\" width=\"1024\" height=\"517\" data-id=\"574\" src=\"https:\/\/kursevikonverzacije.com\/blog\/wp-content\/uploads\/2026\/03\/frazalni-1024x517.png\" alt=\"\" class=\"wp-image-574\" srcset=\"https:\/\/kursevikonverzacije.com\/blog\/wp-content\/uploads\/2026\/03\/frazalni-1024x517.png 1024w, https:\/\/kursevikonverzacije.com\/blog\/wp-content\/uploads\/2026\/03\/frazalni-300x152.png 300w, https:\/\/kursevikonverzacije.com\/blog\/wp-content\/uploads\/2026\/03\/frazalni-768x388.png 768w, https:\/\/kursevikonverzacije.com\/blog\/wp-content\/uploads\/2026\/03\/frazalni.png 1384w\" sizes=\"auto, (max-width: 1024px) 100vw, 1024px\" \/><\/a><\/figure>\n<\/figure>\n\n\n<section class=\"benefits-section\">\n<div class=\"container\">\n<div class=\"benefit-box\">\n<p><br>Fokus je na tome da govorite sigurnije, razumete jasnije i postepeno steknete<br>ose\u0107aj da vam je jezik prirodan i upotrebljiv.<\/p>\n<\/div>\n<div class=\"benefit-box\">\n<p>\u010casovi su prilago\u0111eni va\u0161em nivou znanja, tempu rada i li\u010dnim ciljevima.<br>Bez obzira na to da li \u017eelite bolju konverzaciju, pripremu za posao,<br>intervju, putovanje ili jednostavno vi\u0161e samopouzdanja u govoru,<br>sadr\u017eaj se prilago\u0111ava vama.<\/p>\n<\/div>\n<div class=\"benefit-box\">\n<p>Dobijate jasna obja\u0161njenja gramatike, prakti\u010dne primere i ve\u017ebe koje imaju smisla,<br>bez nepotrebnog komplikovanja. Cilj nije samo da razumete pravilo, ve\u0107 da umete<br>da ga primenite kada govorite i pi\u0161ete.<\/p>\n<\/div>\n<div class=\"benefit-box\">\n<p>Posebna pa\u017enja posve\u0107uje se izgovoru, vokabularu i razvijanju sigurnosti u komunikaciji.<br>Kroz postepeni rad postaje lak\u0161e da formuli\u0161ete misli na engleskom bez stalnog prevo\u0111enja u glavi.<\/p>\n<\/div>\n<div class=\"benefit-box\">\n<p>Na \u010dasovima dobijate podr\u0161ku, strukturu i kontinuitet \u2014 \u0161to zna\u010di da ne lutate izme\u0111u<br>nasumi\u010dnih lekcija sa interneta, ve\u0107 pratite plan koji vas zaista vodi ka napretku.<\/p>\n<\/div>\n<div class=\"benefit-box\">\n<p>Najva\u017enije od svega, dobijate prostor da u\u010dite bez pritiska i bez neprijatnosti.<br>Gre\u0161ke su normalan deo procesa, a cilj je da se ose\u0107ate opu\u0161tenije, slobodnije<br>i sigurnije svaki put kada koristite engleski jezik.<\/p>\n<\/div>\n<\/div>\n<\/section>","protected":false},"excerpt":{"rendered":"<p>Fokus je na tome da govorite sigurnije, razumete jasnije i postepeno stekneteose\u0107aj da vam je jezik prirodan i upotrebljiv. \u010casovi su prilago\u0111eni va\u0161em nivou znanja, tempu rada i li\u010dnim ciljevima.Bez obzira na to da li \u017eelite bolju konverzaciju, pripremu za posao,intervju, putovanje ili jednostavno vi\u0161e samopouzdanja u govoru,sadr\u017eaj se prilago\u0111ava vama. Dobijate jasna obja\u0161njenja gramatike, [&hellip;]<\/p>\n","protected":false},"author":6,"featured_media":27,"parent":0,"menu_order":0,"comment_status":"closed","ping_status":"closed","template":"","meta":{"footnotes":""},"class_list":["post-434","page","type-page","status-publish","has-post-thumbnail","hentry"],"_links":{"self":[{"href":"https:\/\/kursevikonverzacije.com\/blog\/wp-json\/wp\/v2\/pages\/434","targetHints":{"allow":["GET"]}}],"collection":[{"href":"https:\/\/kursevikonverzacije.com\/blog\/wp-json\/wp\/v2\/pages"}],"about":[{"href":"https:\/\/kursevikonverzacije.com\/blog\/wp-json\/wp\/v2\/types\/page"}],"author":[{"embeddable":true,"href":"https:\/\/kursevikonverzacije.com\/blog\/wp-json\/wp\/v2\/users\/6"}],"replies":[{"embeddable":true,"href":"https:\/\/kursevikonverzacije.com\/blog\/wp-json\/wp\/v2\/comments?post=434"}],"version-history":[{"count":16,"href":"https:\/\/kursevikonverzacije.com\/blog\/wp-json\/wp\/v2\/pages\/434\/revisions"}],"predecessor-version":[{"id":668,"href":"https:\/\/kursevikonverzacije.com\/blog\/wp-json\/wp\/v2\/pages\/434\/revisions\/668"}],"wp:featuredmedia":[{"embeddable":true,"href":"https:\/\/kursevikonverzacije.com\/blog\/wp-json\/wp\/v2\/media\/27"}],"wp:attachment":[{"href":"https:\/\/kursevikonverzacije.com\/blog\/wp-json\/wp\/v2\/media?parent=434"}],"curies":[{"name":"wp","href":"https:\/\/api.w.org\/{rel}","templated":true}]}}